{"id":757,"date":"2020-06-03T17:50:55","date_gmt":"2020-06-03T16:50:55","guid":{"rendered":"https:\/\/klinika.pravos.unios.hr\/?page_id=757"},"modified":"2022-03-07T11:05:20","modified_gmt":"2022-03-07T10:05:20","slug":"o-besplatnoj-pravnoj-pomoci-%ef%bb%bf","status":"publish","type":"page","link":"https:\/\/klinika.pravos.unios.hr\/?page_id=757","title":{"rendered":"O besplatnoj pravnoj pomo\u0107i"},"content":{"rendered":"\n<p><em>Kako bi Zakon o besplatnoj pravnoj\npomo\u0107i u potpunosti bio operativan i slu\u017eio svrsi kojoj je namijenjen, potrebno\nje informirati gra\u0111ane Republike Hrvatske i druge osobe, o mogu\u0107nosti pru\u017eanja\nbesplatne pravne pomo\u0107i, odnosno pru\u017eanja pravne pomo\u0107i \u010dije tro\u0161kove snosi RH,\na sve u cilju omogu\u0107avanja pristupa sudovima i drugim tijelima pod jednakim\nuvjetima.<\/em><\/p>\n\n\n\n<p>Besplatna\npravna pomo\u0107 (u daljnjem tekstu: pravna pomo\u0107) predstavlja u\u010dinkovit model\npomo\u0107i socijalno ugro\u017eenim gra\u0111anima putem kojega se omogu\u0107ava ili olak\u0161ava\npristup sudovima i drugim tijelima na na\u010din da Republika Hrvatska, djelomi\u010dno\nili potpuno, snosi tro\u0161kove njihove pravne za\u0161tite. Sukladno <strong><em>Zakonu\no besplatnoj pravnoj pomo\u0107i (NN 143\/13, 98\/19 , u daljnjem tekstu: Zakon)<\/em><\/strong>\nnastoji se ostvariti djelotvorna pravna za\u0161tita, odnosno omogu\u0107iti pristup\nsudovima i drugim javnopravnim tijelima pod jednakim uvjetima.<\/p>\n\n\n\n<p><strong>KORISNIK PRAVNE POMO\u0106I<\/strong><\/p>\n\n\n\n<p><strong><em>KORISNIK\nPRAVNE POMO\u0106I<\/em><\/strong> &nbsp;fizi\u010dka je osoba koja koristi mogu\u0107nost\npru\u017eanja pravne pomo\u0107i, a ispunjava sve pretpostavke koje su propisane Zakonom.\n<strong><em>Potencijalnim\nkorisnicima smatraju se<\/em><\/strong>: hrvatski dr\u017eavljani, djeca koja nemaju\nhrvatsko dr\u017eavljanstvo, a u Republici Hrvatskoj su zate\u010deni bez pratnje odgovorne\nosobe, stranci na privremenom boravku u RH (uz ispunjenje na\u010dela uzajamnosti),\nstranci na stalnom boravku u RH, stranci pod privremenom za\u0161titom, stranci koji\nnezakonito borave u RH i stranci na kratkotrajnom boravku u RH (u postupcima\ndono\u0161enja rje\u0161enja o protjerivanju ili rje\u0161enja o povratku), tra\u017eitelji azila,\nazilanti i stranci pod supsidijarnom za\u0161titom te \u010dlanovi njihovih obitelji koji\nzakonito borave u RH. <\/p>\n\n\n\n<p><strong>PRU\u017dATELJI PRAVNE POMO\u0106I <\/strong><\/p>\n\n\n\n<p><strong><em>PRU\u017dATELJI\nPRAVNE POMO\u0106I<\/em><\/strong> &nbsp;su\nupravna tijela, ovla\u0161tene udruge, visoka u\u010dili\u0161ta i odvjetnici koji, ovisno o\nvrsti pravne pomo\u0107i koja se tra\u017ei ili odobrava, u skladu s pravnim propisima\npru\u017eaju pravnu pomo\u0107 i na taj na\u010din poma\u017eu gra\u0111anima da se upoznaju sa svojim\npravima i pravnom situacijom ili da u odgovaraju\u0107im procedurama ostvaruju svoja\nprava.<\/p>\n\n\n\n<p><strong>VRSTE PRAVNE POMO\u0106I<\/strong><\/p>\n\n\n\n<p>Pravna\npomo\u0107 pru\u017ea se kao <strong><em>PRIMARNA ILI SEKUNDARNA<\/em><\/strong>, a razlika se odnosi na oblik pravne\npomo\u0107i koju potencijalni korisnik nastoji ostvariti (pravna informacija\/sastavljanje\npodnesaka\/zastupanje), tijelo koje ju pru\u017ea, pretpostavke koje podnositelj\nzahtjeva za pravnu pomo\u0107 mora ispuniti te postupak ostvarivanja.<\/p>\n\n\n\n<p><strong>PRIMARNA PRAVNA POMO\u0106 <\/strong><\/p>\n\n\n\n<p><strong><em>PRIMARNA\nPRAVNA POMO\u0106<\/em><\/strong> obuhva\u0107a:<\/p>\n\n\n\n<ol><li>davanje\nop\u0107e pravne informacije kao op\u0107e upute o pravnom ure\u0111enju pojedinog podru\u010dja, <\/li><li>davanje\npravnog savjeta kao cjelovite upute o na\u010dinu ostvarenja i za\u0161tite prava,<\/li><li>sastavljanje\npodnesaka (pred javnopravnim tijelima, Europskim sudom za ljudska prava i\nme\u0111unarodnim organizacijama), <\/li><li>zastupanje\nu postupcima pred javnopravnim tijelima, <\/li><li>pravnu\npomo\u0107 u izvansudskom mirnom rje\u0161avanju sporova.<\/li><\/ol>\n\n\n\n<p><strong><em>PRIMARNA\nPRAVNA POMO\u0106 PRU\u017dA SE<\/em><\/strong> &nbsp;u svakoj pravnoj stvari ukoliko su ispunjene\nZakonom propisane <strong><em>pretpostavke:<\/em><\/strong> <\/p>\n\n\n\n<ol><li>podnositelj\nzahtjeva ne raspola\u017ee znanjem potrebnim za ostvarenje svojih prava, <\/li><li>pomo\u0107\nmu nije osigurana temeljem posebnih propisa,<\/li><li>podneseni\nzahtjev nije o\u010dito neosnovan, <\/li><li>materijalne\nprilike podnositelja zahtjeva su takve da bi pla\u0107anjem stru\u010dne pravne pomo\u0107i mogao\nugroziti vlastito uzdr\u017eavanje i uzdr\u017eavanje \u010dlanova svog ku\u0107anstva.<\/li><\/ol>\n\n\n\n<p><strong><em>\u010cLANOVIMA\nKU\u0106ANSTVA SMATRAJU SE<\/em><\/strong> : &nbsp;<\/p>\n\n\n\n<ol><li>bra\u010dni\/izvanbra\u010dni\ndrug,<\/li><li>djeca,<\/li><li>ostali\nsrodnici u pravoj i pobo\u010dnoj liniji,<\/li><li>srodnici\npo tazbini, <\/li><li>druge\nosobe neovisno o stupnju i vrsti srodstva, a koje \u017eive u istom stambenom\nprostoru s podnositeljem zahtjeva te zajedno snose tro\u0161kove i zadovoljavaju\npotrebe zajedni\u010dkog \u017eivota. <\/li><\/ol>\n\n\n\n<p><strong><em>\u010clanom\nku\u0107anstva smatra se <\/em><\/strong>i dijete koje ne \u017eivi u istom\nstambenom prostoru s podnositeljem zahtjeva<strong><em>, a nalazi se na redovitom \u0161kolovanju (najkasnije\ndo navr\u0161ene 26. godine \u017eivota).<\/em><\/strong> <\/p>\n\n\n\n<p><strong>POKRETANJE POSTUPKA ZA OSTVARIVANJE\nPRIMARNE PRAVNE POMO\u0106I<\/strong><\/p>\n\n\n\n<p>Ukoliko\npotencijalni korisnik ispunjava navedene pretpostavke, <strong><em>postupak za ostvarivanje primarne\npravne pomo\u0107i<\/em><\/strong> mo\u017ee pokrenuti izravnim obra\u0107anjem i izno\u0161enjem pravnog\nproblema pru\u017eatelju primarne pravne pomo\u0107i (telefonski\/elektroni\u010dkom po\u0161tom ili\nu slu\u017ebenim prostorijama pru\u017eatelja). Primarnu pravnu pomo\u0107 pru\u017eaju upravna\ntijela, ovla\u0161tene udruge i pravne klinike. <strong><em>Upravno tijelo Osje\u010dko-baranjske \u017eupanije koje\npru\u017ea primarnu pravnu pomo\u0107 je Odjel za\nbesplatnu pravnu pomo\u0107 (\u017dupanijska ulica, 4)<\/em><\/strong> s ispostavama u Donjem\nMiholjcu (Vukovarska ulica, 1) i Na\u0161icama (Trg dr. Franje Tu\u0111mana, 7). Popis i\nkontakt podatci <strong><em>ovla\u0161tenih udruga i pravnih klinika\nkoje pru\u017eaju primarnu pravnu pomo\u0107<\/em><\/strong> mogu se prona\u0107i u\nRegistru pru\u017eatelja primarne pravne pomo\u0107i koji je javan te svaka\nzainteresirana osoba ima pravo uvida u njegov sadr\u017eaj putem internetske stranice\nMinistarstva pravosu\u0111a ili u slu\u017ebenim prostorijama Misnistarstva pravosu\u0111a. <\/p>\n\n\n\n<p><strong>SEKUNDARNA PRAVNA POMO\u0106 <\/strong><\/p>\n\n\n\n<p>Uz\nprimarnu pravnu pomo\u0107, pravni poredak Republike Hrvatske osigurava i tzv. <strong><em>sekundarnu\npravnu pomo\u0107<\/em><\/strong> koja, uz davanje pravnih savjeta, <strong>obuhva\u0107a<\/strong> i:<\/p>\n\n\n\n<ol><li>sastavljanje\npodnesaka u postupku za\u0161tite prava radnika pred poslodavcem,<\/li><li>sastavljanje\npodnesaka i zastupanje u sudskim postupcima, <\/li><li>&nbsp;pravnu pomo\u0107 u mirnom rje\u0161avanju sporova,<\/li><li>&nbsp;oslobo\u0111enje od pla\u0107anja tro\u0161kova sudskog\npostupka i tro\u0161kova sudskih pristojbi. <\/li><\/ol>\n\n\n\n<p><strong><em>Potencijalni\nkorisnik sekundarnu pravnu pomo\u0107 mo\u017ee zatra\u017eiti<\/em><\/strong>\nukoliko su ispunjene sljede\u0107e <strong><em>pretpostavke:<\/em><\/strong> <\/p>\n\n\n\n<ol><li>podnositelj\nzahtjeva za sekundarnu pravnu pomo\u0107 nema sposobnost samostalno se zastupati,<\/li><li>u\nposljednjih \u0161est mjeseci od dana podno\u0161enja zahtjeva nije odbijen njegov zahtjev\nzbog namjernog davanja neto\u010dnih podataka,<\/li><li>pravna\npomo\u0107 nije mu osigurana temeljem posebnih pravnih propisa, <\/li><li>ukoliko\nbi pla\u0107anjem stru\u010dne pravne pomo\u0107i mogao ugroziti svoje uzdr\u017eavanje i\nuzdr\u017eavanje \u010dlanova svog ku\u0107anstva. <\/li><\/ol>\n\n\n\n<p>Tako\u0111er,\nnikada ne smije biti rije\u010d o obijesnom parni\u010denju. Dodatno, sekundarna pravna\npomo\u0107 pru\u017ea se u slo\u017eenijim postupcima, a prema Zakonu to su postupci koji se\nti\u010du stvarnih prava (osim zemlji\u0161noknji\u017enih postupaka), radnih odnosa, obiteljskih\nodnosa (osim ukoliko se radi o sporazumnom razvodu braka u kojem bra\u010dni drugovi\nnemaju maloljetnu zajedni\u010dku ili posvojenu djecu ili djecu nad kojom ostvaruju\nroditeljsku skrb nakon punoljetnosti) te postupci i postupci osiguranja kada se\nradi o prisilnom ostvarenju ili osiguranju tra\u017ebine koja proizlazi za koje se\nprema Zakonu mo\u017ee odobriti pravna pomo\u0107. Sekundarna pravna pomo\u0107 pru\u017ea se i u\npostupcima mirnog rje\u0161enja spora te iznimno i u svim ostalim upravnim i\ngra\u0111anskim sudskim postupcima kada takva potreba proizlazi i \u017eivotnih okolnosti\npodnositelja zahtjeva i \u010dlanova njegovog ku\u0107anstva. Tako\u0111er, dodatna\npretpostavka koja mora biti ispunjena da bi sekundarna pravna pomo\u0107 bila\nodobrena ti\u010de se imovnog stanja podnositelja zahtjeva \u2013 ukupni prihodi\npodnositelja zahtjeva i \u010dlanova njegovog ku\u0107anstva mjese\u010dno ne smiju prelaziti,\npo \u010dlanu ku\u0107anstva, <strong><em>iznos prora\u010dunske osnovice<\/em><\/strong> <strong>(koja\nza 2020. godinu iznosi 3.326,00 kuna)<\/strong> te ukupna vrijednost\nimovine u vlasni\u0161tvu podnositelja zahtjeva i \u010dlanova njegovog ku\u0107anstva ne\nsmije prelaziti iznos od 60 prora\u010dunskih osnovica. <\/p>\n\n\n\n<p><strong>Iznimno,<\/strong>\nsekundarna pravna pomo\u0107 bit \u0107e pru\u017eena i ukoliko pretpostavke u pogledu imovnog\nstanja nisu ispunjene: ako podnositelj zahtjeva iz objektivnih &nbsp;razloga ne mo\u017ee raspolagati ukupnim prihodima\ni imovinom te ako dio ukupnog prihoda i imovine kojim podnositelj zahtjeva mo\u017ee\nraspolagati ne prelazi iznos prora\u010dunske osnovice, odnosno iznos 60\nprora\u010dunskih osnovica. <strong><em>Sekundarna pravna pomo\u0107 mo\u017ee biti odobrena i\nbez utvr\u0111ivanja imovnog stanja, no samo ukoliko je podnositelj zahtjeva:<\/em><\/strong>\ndijete koje ostvaruje pravo na uzdr\u017eavanje, \u017ertva kaznenog djela nasilja koje\nostvaruje pravo na naknadu \u0161tete, korisnik pomo\u0107i za uzdr\u017eavanje te korisnik\nprava na opskrbninu i \u010dlanovi njihovih obitelji. <\/p>\n\n\n\n<p><strong><em>Prilikom\nutvr\u0111ivanja imovnog stanja, u obzir ne\u0107e biti uzeti<\/em><\/strong>:\ndoplatak za djecu i primitci za novoro\u0111eno dijete, potpore dane zbog uni\u0161tenja\nimovine tijekom ratnih doga\u0111anja\/elementarnih nepogoda\/za slu\u010daj smrti radnika\nili \u010dlana ku\u0107anstva radnika ili bolovanja radnika\/zbrinjavanja ratnih invalida\ni \u010dlanova obitelji smrtno stradalih ili nestalih hrvatskih branitelja. Tako\u0111er,\nu obzir ne\u0107e biti uzeti ukupni prihodi i imovina po\u010dinitelja nasilja u obitelji\nako je podnositelj zahtjeva \u017ertva tog nasilja, ukupni prihodi i imovina \u010dlanova\nku\u0107anstva koji u postupku sudjeluju kao protivnici podnositelja zahtjeva, dio\nnekretnine u kojoj podnositelj zahtjeva \u017eivi i koji je nu\u017ean za ostvarenje\nosnovnih \u017eivotnih potreba, vrijednost dijela nekretnine koja slu\u017ei za\nobavljanje poslovne djelatnosti, a koja je neophodna za osiguranje minimalnih\n\u017eivotnih uvjeta podnositelja zahtjeva i \u010dlanova njegovog ku\u0107anstva te predmeti\nkoji su izuzeti od ovrhe. Prilikom odlu\u010divanja o pru\u017eanju sekundarne pravne\npomo\u0107i <strong><em>utvr\u0111uje se imovno stanje podnositelja zahtjeva za 12 mjeseci prije\npo\u010detka mjeseca u kojem se zahtjev podnosi. <\/em><\/strong><\/p>\n\n\n\n<p><strong>TKO PRU\u017dA SEKUNDARNU PRAVNU POMO\u0106 ?<\/strong><\/p>\n\n\n\n<p>Sekundarnu\npravnu pomo\u0107 <strong><em>pru\u017eaju odvjetnici<\/em><\/strong> (prema redoslijedu s popisa odvjetnika &nbsp;Hrvatske odvjetni\u010dke komore), a postupak\nostvarivanja ove vrste pravne pomo\u0107i pokre\u0107e se podno\u0161enjem <strong><em>zahtjeva<\/em><\/strong>\n(osobno ili putem po\u0161te) upravnom tijelu koje je nadle\u017eno prema prebivali\u0161tu\/boravi\u0161tu\npodnositelja zahtjeva. Zahtjev je potrebno podnijeti na propisanom obrascu, a\nsastavni dio je i <strong><em>suglasnost <\/em><\/strong>podnositelja zahtjeva i \u010dlanova njegovog ku\u0107anstva\nkojim dopu\u0161taju uvid u sve podatke koji se ti\u010du njihovih ukupnih prihoda i\nimovine. O podnesenom zahtjevu nadle\u017eno upravno tijelo du\u017eno je odlu\u010diti u roku\nod 15 dana od podno\u0161enja urednog zahtjeva. <strong>Iznimno<\/strong>,\nukoliko bi podnositelj zahtjeva zbog isteka roka izgubio pravo na poduzimanje\nradnje, upravno tijelo du\u017eno je o zahtjevu odlu\u010diti u kra\u0107em roku, odnosno u\nroku koji podnositelju omogu\u0107uje pravodobno poduzimanje radnje za koju je\nzatra\u017eio sekundarnu pravnu pomo\u0107. Ukoliko sekundarna pravna pomo\u0107 bude\nodobrena, odluku o odobravanju pru\u017eanja pomo\u0107i, podnositelj zahtjeva dostavit\n\u0107e odvjetniku koji je naveden u samoj odluci.<\/p>\n","protected":false},"excerpt":{"rendered":"<p>Kako bi Zakon o besplatnoj pravnoj pomo\u0107i u potpunosti bio operativan i slu\u017eio svrsi kojoj je namijenjen, potrebno je informirati gra\u0111ane Republike Hrvatske i druge osobe, o mogu\u0107nosti pru\u017eanja besplatne pravne pomo\u0107i, odnosno pru\u017eanja pravne pomo\u0107i \u010dije tro\u0161kove snosi RH, a sve u cilju omogu\u0107avanja pristupa sudovima i drugim tijelima pod jednakim uvjetima. Besplatna pravna [&hellip;]<\/p>\n","protected":false},"author":5,"featured_media":897,"parent":0,"menu_order":0,"comment_status":"closed","ping_status":"closed","template":"","meta":[],"_links":{"self":[{"href":"https:\/\/klinika.pravos.unios.hr\/index.php?rest_route=\/wp\/v2\/pages\/757"}],"collection":[{"href":"https:\/\/klinika.pravos.unios.hr\/index.php?rest_route=\/wp\/v2\/pages"}],"about":[{"href":"https:\/\/klinika.pravos.unios.hr\/index.php?rest_route=\/wp\/v2\/types\/page"}],"author":[{"embeddable":true,"href":"https:\/\/klinika.pravos.unios.hr\/index.php?rest_route=\/wp\/v2\/users\/5"}],"replies":[{"embeddable":true,"href":"https:\/\/klinika.pravos.unios.hr\/index.php?rest_route=%2Fwp%2Fv2%2Fcomments&post=757"}],"version-history":[{"count":3,"href":"https:\/\/klinika.pravos.unios.hr\/index.php?rest_route=\/wp\/v2\/pages\/757\/revisions"}],"predecessor-version":[{"id":762,"href":"https:\/\/klinika.pravos.unios.hr\/index.php?rest_route=\/wp\/v2\/pages\/757\/revisions\/762"}],"wp:featuredmedia":[{"embeddable":true,"href":"https:\/\/klinika.pravos.unios.hr\/index.php?rest_route=\/wp\/v2\/media\/897"}],"wp:attachment":[{"href":"https:\/\/klinika.pravos.unios.hr\/index.php?rest_route=%2Fwp%2Fv2%2Fmedia&parent=757"}],"curies":[{"name":"wp","href":"https:\/\/api.w.org\/{rel}","templated":true}]}}