{"id":231,"date":"2016-12-11T22:18:00","date_gmt":"2016-12-11T22:18:00","guid":{"rendered":"https:\/\/klinika.pravos.unios.hr\/?page_id=231"},"modified":"2021-09-06T11:44:09","modified_gmt":"2021-09-06T10:44:09","slug":"terenske-klinike","status":"publish","type":"page","link":"https:\/\/klinika.pravos.unios.hr\/?page_id=231","title":{"rendered":"Terenske klinike"},"content":{"rendered":"<p><img decoding=\"async\" loading=\"lazy\" class=\"aligncenter wp-image-427 size-full\" src=\"https:\/\/klinika.pravos.unios.hr\/wp-content\/uploads\/2016\/12\/Na-jednoj-od-terenskih-klinika.jpg\" alt=\"Na jednoj od terenskih klinika\" width=\"1280\" height=\"960\" srcset=\"https:\/\/klinika.pravos.unios.hr\/wp-content\/uploads\/2016\/12\/Na-jednoj-od-terenskih-klinika.jpg 1280w, https:\/\/klinika.pravos.unios.hr\/wp-content\/uploads\/2016\/12\/Na-jednoj-od-terenskih-klinika-300x225.jpg 300w, https:\/\/klinika.pravos.unios.hr\/wp-content\/uploads\/2016\/12\/Na-jednoj-od-terenskih-klinika-1024x768.jpg 1024w\" sizes=\"(max-width: 1280px) 100vw, 1280px\" \/><\/p>\n<p style=\"text-align: center;\">\n<p style=\"text-align: center;\">U Pravnoj klinici &#8220;Osijek PRO BONO&#8221; svjesni smo da se s pravnim problemima gra\u0111ani ne susre\u0107u samo na podru\u010dju Grada Osijeka. Iako je Osijek centar na\u0161eg djelovanja, Pravna klinika OSIJEK PRO BONO je u proteklom razdoblju u okviru projekta odobrenog od strane Ministarstva pravosu\u0111a pod nazivom &#8220;OSIJEK\u00a0<em>PRO BONO\u00a0<\/em>U SLU\u017dBI UNAPRE\u0110ENJA SUSTAVA BESPLATNE PRAVNE POMO\u0106I I OSIGURANJA PRAVA NA PREVENTIVNU PRAVNU ZA\u0160TITU&#8221;, a uz svesrdnu podr\u0161ku Pravnog fakulteta u Osijeku, posjetila i pravnu pomo\u0107 redovito pru\u017eala u cijelom nizu op\u0107ina u okolici Grada Osijeka i Osje\u010dko-baranjske \u017eupanije (Grad Orahovica, Kne\u017eevi Vinogradi, Bilje, Vladislavci, Trpinja, \u010cepin).<\/p>\n<p style=\"text-align: center;\">Zahvaljujemo \u010delnicima spomenutih op\u0107ina \u0161to su nam iza\u0161li u susret i tijekom zime osigurali grijane prostore u kojima su studenti mogli primati stranke.<\/p>\n<p style=\"text-align: center;\">U slu\u010daju prihva\u0107anja na\u0161ih novih projektnih prijava, Pravna klinika \u0107e nastojati nastaviti ili ponovno uvesti praksu redovitih mjese\u010dnih posjeta. O organizaciji posjeta na odabranim lokacijama na \u0161irem prostoru Slavonije i Baranje gra\u0111ani su pravodobno obavije\u0161teni putem lokalnih glasila te na sve druge na\u010dine koji su na raspolaganju odabranim jedinicima lokalne uprave i samouprave.<\/p>\n","protected":false},"excerpt":{"rendered":"<p>U Pravnoj klinici &#8220;Osijek PRO BONO&#8221; svjesni smo da se s pravnim problemima gra\u0111ani ne susre\u0107u samo na podru\u010dju Grada Osijeka. Iako je Osijek centar na\u0161eg djelovanja, Pravna klinika OSIJEK PRO BONO je u proteklom razdoblju u okviru projekta odobrenog od strane Ministarstva pravosu\u0111a pod nazivom &#8220;OSIJEK\u00a0PRO BONO\u00a0U SLU\u017dBI UNAPRE\u0110ENJA SUSTAVA BESPLATNE PRAVNE POMO\u0106I I [&hellip;]<\/p>\n","protected":false},"author":5,"featured_media":0,"parent":0,"menu_order":0,"comment_status":"closed","ping_status":"closed","template":"","meta":[],"_links":{"self":[{"href":"https:\/\/klinika.pravos.unios.hr\/index.php?rest_route=\/wp\/v2\/pages\/231"}],"collection":[{"href":"https:\/\/klinika.pravos.unios.hr\/index.php?rest_route=\/wp\/v2\/pages"}],"about":[{"href":"https:\/\/klinika.pravos.unios.hr\/index.php?rest_route=\/wp\/v2\/types\/page"}],"author":[{"embeddable":true,"href":"https:\/\/klinika.pravos.unios.hr\/index.php?rest_route=\/wp\/v2\/users\/5"}],"replies":[{"embeddable":true,"href":"https:\/\/klinika.pravos.unios.hr\/index.php?rest_route=%2Fwp%2Fv2%2Fcomments&post=231"}],"version-history":[{"count":12,"href":"https:\/\/klinika.pravos.unios.hr\/index.php?rest_route=\/wp\/v2\/pages\/231\/revisions"}],"predecessor-version":[{"id":1294,"href":"https:\/\/klinika.pravos.unios.hr\/index.php?rest_route=\/wp\/v2\/pages\/231\/revisions\/1294"}],"wp:attachment":[{"href":"https:\/\/klinika.pravos.unios.hr\/index.php?rest_route=%2Fwp%2Fv2%2Fmedia&parent=231"}],"curies":[{"name":"wp","href":"https:\/\/api.w.org\/{rel}","templated":true}]}}