{"id":194,"date":"2016-07-01T19:10:30","date_gmt":"2016-07-01T19:10:30","guid":{"rendered":"https:\/\/klinika.pravos.unios.hr\/?page_id=194"},"modified":"2024-10-15T08:56:17","modified_gmt":"2024-10-15T07:56:17","slug":"prostor","status":"publish","type":"page","link":"https:\/\/klinika.pravos.unios.hr\/?page_id=194","title":{"rendered":"Na\u0161 prostor"},"content":{"rendered":"<p>Pravna klinika &#8220;OSIJEK\u00a0<em>PRO BONO<\/em>&#8221; djeluje u zakupljenom prostoru u vlasni\u0161tvu Grada Osijeka na adresi Trg Ante Star\u010devi\u0107a (osje\u010dki pothodnik).<\/p>\n","protected":false},"excerpt":{"rendered":"<p>Pravna klinika &#8220;OSIJEK\u00a0PRO BONO&#8221; djeluje u zakupljenom prostoru u vlasni\u0161tvu Grada Osijeka na adresi Trg Ante Star\u010devi\u0107a (osje\u010dki pothodnik).<\/p>\n","protected":false},"author":5,"featured_media":412,"parent":0,"menu_order":0,"comment_status":"closed","ping_status":"closed","template":"","meta":[],"_links":{"self":[{"href":"https:\/\/klinika.pravos.unios.hr\/index.php?rest_route=\/wp\/v2\/pages\/194"}],"collection":[{"href":"https:\/\/klinika.pravos.unios.hr\/index.php?rest_route=\/wp\/v2\/pages"}],"about":[{"href":"https:\/\/klinika.pravos.unios.hr\/index.php?rest_route=\/wp\/v2\/types\/page"}],"author":[{"embeddable":true,"href":"https:\/\/klinika.pravos.unios.hr\/index.php?rest_route=\/wp\/v2\/users\/5"}],"replies":[{"embeddable":true,"href":"https:\/\/klinika.pravos.unios.hr\/index.php?rest_route=%2Fwp%2Fv2%2Fcomments&post=194"}],"version-history":[{"count":16,"href":"https:\/\/klinika.pravos.unios.hr\/index.php?rest_route=\/wp\/v2\/pages\/194\/revisions"}],"predecessor-version":[{"id":1402,"href":"https:\/\/klinika.pravos.unios.hr\/index.php?rest_route=\/wp\/v2\/pages\/194\/revisions\/1402"}],"wp:featuredmedia":[{"embeddable":true,"href":"https:\/\/klinika.pravos.unios.hr\/index.php?rest_route=\/wp\/v2\/media\/412"}],"wp:attachment":[{"href":"https:\/\/klinika.pravos.unios.hr\/index.php?rest_route=%2Fwp%2Fv2%2Fmedia&parent=194"}],"curies":[{"name":"wp","href":"https:\/\/api.w.org\/{rel}","templated":true}]}}