{"id":177,"date":"2016-07-01T15:57:34","date_gmt":"2016-07-01T15:57:34","guid":{"rendered":"https:\/\/klinika.pravos.unios.hr\/?page_id=177"},"modified":"2021-01-12T07:55:46","modified_gmt":"2021-01-12T06:55:46","slug":"pristup-u-kliniku-za-invalide","status":"publish","type":"page","link":"https:\/\/klinika.pravos.unios.hr\/?page_id=177","title":{"rendered":"Pristup u Kliniku za invalide"},"content":{"rendered":"<p>Prostorija Pravne klinike Osijek &#8220;PRO BONO&#8221; nalazi se na prvom katu zgrade na adresi Ribarska 1. Za dolazak u prostoriju Klinike potrebno je savladati vi\u0161e starih drvenih stepenica pri \u010demu ne postoji rukohvat za koji se mo\u017eete pridr\u017eavati.<\/p>\n<p>Za sve osobe koje ne mogu bez pote\u0161ko\u0107a pristupiti Pravnoj klinici studenti \u0107e organizirati susret na drugom mjestu, eventualno u slu\u010daju nemogu\u0107nosti kretanja, u njihovom domu. Ipak, s obzirom na stanje epidemije nove bolesti sastanke sa strankama odr\u017eavamo samo ukoliko su oni nu\u017eni radi obrade predmeta te pozivamo sve gra\u0111ane da nas prvenstveno kontaktiraju putem adrese elektroni\u010dke po\u0161te, Facebooka ili telefonski. U dane akademske zimske i ljetne stanke te dane blagdani Klinika ne\u0107e zaprimati nove predmete).<\/p>\n","protected":false},"excerpt":{"rendered":"<p>Prostorija Pravne klinike Osijek &#8220;PRO BONO&#8221; nalazi se na prvom katu zgrade na adresi Ribarska 1. Za dolazak u prostoriju Klinike potrebno je savladati vi\u0161e starih drvenih stepenica pri \u010demu ne postoji rukohvat za koji se mo\u017eete pridr\u017eavati. Za sve osobe koje ne mogu bez pote\u0161ko\u0107a pristupiti Pravnoj klinici studenti \u0107e organizirati susret na drugom [&hellip;]<\/p>\n","protected":false},"author":5,"featured_media":0,"parent":0,"menu_order":0,"comment_status":"closed","ping_status":"closed","template":"","meta":[],"_links":{"self":[{"href":"https:\/\/klinika.pravos.unios.hr\/index.php?rest_route=\/wp\/v2\/pages\/177"}],"collection":[{"href":"https:\/\/klinika.pravos.unios.hr\/index.php?rest_route=\/wp\/v2\/pages"}],"about":[{"href":"https:\/\/klinika.pravos.unios.hr\/index.php?rest_route=\/wp\/v2\/types\/page"}],"author":[{"embeddable":true,"href":"https:\/\/klinika.pravos.unios.hr\/index.php?rest_route=\/wp\/v2\/users\/5"}],"replies":[{"embeddable":true,"href":"https:\/\/klinika.pravos.unios.hr\/index.php?rest_route=%2Fwp%2Fv2%2Fcomments&post=177"}],"version-history":[{"count":5,"href":"https:\/\/klinika.pravos.unios.hr\/index.php?rest_route=\/wp\/v2\/pages\/177\/revisions"}],"predecessor-version":[{"id":966,"href":"https:\/\/klinika.pravos.unios.hr\/index.php?rest_route=\/wp\/v2\/pages\/177\/revisions\/966"}],"wp:attachment":[{"href":"https:\/\/klinika.pravos.unios.hr\/index.php?rest_route=%2Fwp%2Fv2%2Fmedia&parent=177"}],"curies":[{"name":"wp","href":"https:\/\/api.w.org\/{rel}","templated":true}]}}