{"id":165,"date":"2016-06-08T22:30:46","date_gmt":"2016-06-08T22:30:46","guid":{"rendered":"https:\/\/klinika.pravos.unios.hr\/?page_id=165"},"modified":"2025-03-26T13:33:59","modified_gmt":"2025-03-26T12:33:59","slug":"rad-sa-strankama","status":"publish","type":"page","link":"https:\/\/klinika.pravos.unios.hr\/","title":{"rendered":"Informacije o radu sa strankama"},"content":{"rendered":"\n<p class=\"has-luminous-vivid-amber-background-color has-background\"><strong>Broj de\u017eurnog klini\u010dkog telefona je 031\/327-822. Tijekom akademskog dijela godine kada se odr\u017eavaju de\u017eurstva (zimski i ljetni semestar) de\u017eurni telefon je operativan radnim danima utorkom i \u010detvrtkom u vremenu 17-19h.   <\/strong><\/p>\n\n\n\n<p class=\"has-pale-cyan-blue-background-color has-background\"><strong>Upite zaprimamo i putem interneta. \u0160tovi\u0161e, \u017eelimo sve potaknuti da svoje upite \u0161alju putem interneta. U tu svrhu isprogramiran je obrazac za zaprimanje zahtjeva za pru\u017eanjem primarne pravne pomo\u0107i koji mo\u017eete popuniti uporabom kompjutera ili mobilnog telefona. Obrascu mo\u017eete pristupiti <\/strong><a href=\"https:\/\/forms.gle\/AHrGXPs8TYGULY5M8\"><strong>ako kliknete ovdje<\/strong><\/a><strong>. <\/strong><\/p>\n\n\n\n<p class=\"has-vivid-red-background-color has-background\"><strong>Molimo gra\u0111ane da uzmu u obzir kako studenti u Klinici ne zaprimaju nove predmete tijekom akademskih praznika (srpanj-kolovoz) te u vrijeme zimskih (velja\u010da), ljetnih (lipanj) te jesenskih ispitnih rokova (rujan), ovo iz razloga potrebe da se potpuno koncetriraju na ispunjavanje akademskih obveza i rje\u0161avanje prethodno zaprimljenih predmeta. Tijekom blagdana i praznika i izvan vremena klini\u010dkih de\u017eurstava Klinika ne zaprima pozive na de\u017eurni klini\u010dki telefon. <\/strong><\/p>\n\n\n\n<p class=\"has-very-dark-gray-color has-luminous-vivid-amber-background-color has-text-color has-background\"><strong>Tako\u0111er, gra\u0111ani koji se obra\u0107aju Pravnoj klinici &#8220;OSIJEK PRO BONO&#8221; moraju uzeti u obzir nekoliko va\u017enih \u010dinjenica.<\/strong><\/p>\n\n\n\n<p class=\"has-light-green-cyan-background-color has-background\"><strong>Studenti u Pravnoj klinici &#8220;OSIJEK <\/strong><em><strong>PRO BONO<\/strong><\/em><strong>&#8221; primarnu pravnu pomo\u0107 pru\u017eaju isklju\u010divo&nbsp;osobama slabog imovnog stanja, dakle osobama koje ne mogu bez pote\u0161ko\u0107a pravnu pomo\u0107 ostvariti i dobiti na drugom mjestu od drugih ovla\u0161tenih pru\u017eatelja pravne pomo\u0107i.<\/strong><\/p>\n\n\n\n<p class=\"has-light-green-cyan-background-color has-background\"><strong>U fokusu rada Pravne klinike &#8220;OSIJEK <\/strong><em><strong>PRO BONO<\/strong><\/em><strong>&#8221; su problemi gra\u0111anskopravne naravi u naj\u0161irem smislu no \u017eelimo naglasiti kako je Klinika do sada uspje\u0161no pokrivala i neka druga pravna podru\u010dja poput radnog, obiteljskog, prekr\u0161ajnog, upravnog, socijalnog prava te drugih pravnih grana, poku\u0161avaju\u0107i na taj na\u010din pomo\u0107i svim gra\u0111anima slabog imovnog stanja kojima je potrebna pravna pomo\u0107. Tako\u0111er, na\u0161i gra\u0111ani moraju znati da nisu svi slu\u010dajevi podobni za obradu od strane studenata te da mnogi problemi pravne naravi, posebno oni slo\u017eeniji te oni koji iziskuju vo\u0111enje spora i zastupanje pred sudom mogu u\u010dinkovito biti adresirani samo od strane odvjetnika. Klinika &#8220;OSIJEK <\/strong><em><strong>PRO BONO<\/strong><\/em><strong>&#8221; djeluje u skladu sa Zakonom o besplatnoj pravnoj pomo\u0107i te je ovla\u0161tena pru\u017eati isklju\u010divo tzv. primarnu pravnu pomo\u0107 te u tom smislu ne konkurira na bilo koji na\u010din ovla\u0161tenim pru\u017eateljima sekundarne pravne pomo\u0107i. Klinika ne pru\u017ea pravnu pomo\u0107 pravnim osobama.<\/strong><\/p>\n\n\n\n<p class=\"has-luminous-vivid-amber-background-color has-background\"><strong>Na\u0161a web stranica omogu\u0107uje pretragu (desno zaglavlje stranice &#8211; &#8220;search&#8221;) pravnih informacija na temelju klju\u010dne rije\u010di (npr. naziv zakonskog teksta ili klju\u010dna rije\u010d &#8211; uzdr\u017eavanje, ugovor o radu i sli\u010dno). Digitalizacijom pravnih informacija \u017eelimo na\u0161im gra\u0111anima pribli\u017eiti pravo i pomo\u0107i u boljem razumijevanju prava i pravnih mogu\u0107nosti. S obzirom da je rije\u010d o pravnim informacijama iz razli\u010ditih vremenskih razdoblja te s obzirom na izuzetno intenzivne zakonske promjene u svim sektorima pozitivnog prava kojima svjedo\u010dimo u Republici Hrvatskoj, Klinika ne odgovara za sadr\u017eajnu to\u010dnost predmetnih informacija niti za njihovu primjenjivost u odnosu na konkretne slu\u010dajeve. Redovito osvje\u017eavanje objavljenih informacija i njihovo uskla\u0111ivanje s novim propisima i razvojem sudske prakse zahtijevalo bi velike resurse s kojim Klinika ne raspola\u017ee pa Vas u tom smislu pozivamo da se s konkretnim pravnim problemima slobodno obratite Klinici, ali i da samostalno provjerite je li odgovor na va\u0161e pitanje ve\u0107 dostupan u na\u0161oj bazi podataka.    <\/strong><\/p>\n\n\n\n<p class=\"has-pale-cyan-blue-background-color has-background\"><strong>Pravna klinika Pravnog fakulteta u Osijeku OSIJEK PRO BONO zala\u017ee se za reformu pravnog obrazovanja jer ono u skladu sa zahtjevima modernog doba, dakle 21. stolje\u0107a i samim time novih generacija mladih ljudi, na\u0161ih studenata. U tom smislu Klinika nastoji popularizirati klini\u010dko pravno obrazovanje kao jedan od naju\u010dinkovitijih na\u010dina edukacije studenata o &#8220;\u017eivom pravu&#8221; te ujedno veoma u\u010dinkovit na\u010din pripreme studenata za rad u pravnoj praksi. Pozivamo Vas da pogledate protekle brojeve na\u0161eg klini\u010dkog biltena &#8220;Klinika News&#8221; koji su u pdf formatu dostupni na na\u0161oj web stranici.<\/strong><\/p>\n\n\n\n<p class=\"has-very-light-gray-background-color has-background\"><strong>Voditelj i studenti klini\u010dari Pravne klinike Pravnog fakulteta u Osijeku OSIJEK PRO BONO, o\u017eujak 2025.<\/strong><\/p>\n","protected":false},"excerpt":{"rendered":"<p>Broj de\u017eurnog klini\u010dkog telefona je 031\/327-822. Tijekom akademskog dijela godine kada se odr\u017eavaju de\u017eurstva (zimski i ljetni semestar) de\u017eurni telefon je operativan radnim danima utorkom i \u010detvrtkom u vremenu 17-19h. Upite zaprimamo i putem interneta. \u0160tovi\u0161e, \u017eelimo sve potaknuti da svoje upite \u0161alju putem interneta. U tu svrhu isprogramiran je obrazac za zaprimanje zahtjeva za [&hellip;]<\/p>\n","protected":false},"author":5,"featured_media":427,"parent":0,"menu_order":0,"comment_status":"closed","ping_status":"closed","template":"","meta":[],"_links":{"self":[{"href":"https:\/\/klinika.pravos.unios.hr\/index.php?rest_route=\/wp\/v2\/pages\/165"}],"collection":[{"href":"https:\/\/klinika.pravos.unios.hr\/index.php?rest_route=\/wp\/v2\/pages"}],"about":[{"href":"https:\/\/klinika.pravos.unios.hr\/index.php?rest_route=\/wp\/v2\/types\/page"}],"author":[{"embeddable":true,"href":"https:\/\/klinika.pravos.unios.hr\/index.php?rest_route=\/wp\/v2\/users\/5"}],"replies":[{"embeddable":true,"href":"https:\/\/klinika.pravos.unios.hr\/index.php?rest_route=%2Fwp%2Fv2%2Fcomments&post=165"}],"version-history":[{"count":58,"href":"https:\/\/klinika.pravos.unios.hr\/index.php?rest_route=\/wp\/v2\/pages\/165\/revisions"}],"predecessor-version":[{"id":1413,"href":"https:\/\/klinika.pravos.unios.hr\/index.php?rest_route=\/wp\/v2\/pages\/165\/revisions\/1413"}],"wp:featuredmedia":[{"embeddable":true,"href":"https:\/\/klinika.pravos.unios.hr\/index.php?rest_route=\/wp\/v2\/media\/427"}],"wp:attachment":[{"href":"https:\/\/klinika.pravos.unios.hr\/index.php?rest_route=%2Fwp%2Fv2%2Fmedia&parent=165"}],"curies":[{"name":"wp","href":"https:\/\/api.w.org\/{rel}","templated":true}]}}