{"id":161,"date":"2016-06-08T12:38:22","date_gmt":"2016-06-08T12:38:22","guid":{"rendered":"https:\/\/klinika.pravos.unios.hr\/?page_id=161"},"modified":"2023-03-29T10:34:06","modified_gmt":"2023-03-29T09:34:06","slug":"o-nama-2","status":"publish","type":"page","link":"https:\/\/klinika.pravos.unios.hr\/?page_id=161","title":{"rendered":"O nama"},"content":{"rendered":"<p><img decoding=\"async\" loading=\"lazy\" class=\"size-full wp-image-1009 aligncenter\" src=\"https:\/\/klinika.pravos.unios.hr\/wp-content\/uploads\/2021\/01\/PHOTO-WITH-FRAME.jpg\" alt=\"\" width=\"640\" height=\"480\" srcset=\"https:\/\/klinika.pravos.unios.hr\/wp-content\/uploads\/2021\/01\/PHOTO-WITH-FRAME.jpg 640w, https:\/\/klinika.pravos.unios.hr\/wp-content\/uploads\/2021\/01\/PHOTO-WITH-FRAME-300x225.jpg 300w, https:\/\/klinika.pravos.unios.hr\/wp-content\/uploads\/2021\/01\/PHOTO-WITH-FRAME-135x100.jpg 135w\" sizes=\"(max-width: 640px) 100vw, 640px\" \/><\/p>\n<p><strong>\u00a0<\/strong><\/p>\n<p><strong>Dragi studenti, pro\u0161li i budu\u0107i korisnici pravne pomo\u0107i koju pru\u017ea &#8220;OSIJEK <em>PRO BONO<\/em>&#8220;,<\/strong><\/p>\n<p><strong>jednako kao \u0161to lije\u010dnici pru\u017eaju hitnu pomo\u0107 svakoj osobi, bez obzira ima li ta osoba ili nema zdravstveno osiguranje, u Pravnoj klinici Pravnog fakulteta u Osijeku &#8220;OSIJEK <em>PRO BONO<\/em>&#8221; smatramo da svatko, a osobito osobe lo\u0161eg imovnog stanja trebaju imati pravo na inicijalnu pravnu pomo\u0107 u vidu op\u0107e pravne informacije.<br \/><\/strong><\/p>\n<p><strong>Osim unaprje\u0111enja sustava pravne pomo\u0107i i osiguranja prava na preventivnu pravnu za\u0161titu, cilj Pravne klinike &#8220;OSIJEK <em>PRO BONO<\/em>&#8221; je sustavno razvijanje i unapre\u0111ivanje prakti\u010dnih znanja i vje\u0161tina studenata prava te promicanje uloge Pravnog fakulteta u Osijeku kao dru\u0161tveno odgovorne institucije osobito zainteresirane za promicanje jednakosti svih osoba pred zakonom i djelotvorno ostvarenje prava i pravne za\u0161tite za sve osobe bez obzira na njihov materijalni status. Pravna klinika djeluje u skladu sa Zakonom o besplatnoj pravnoj pomo\u0107i (Narodne novine br. 143\/2013, 98\/2019) te je registrirana pri Ministarstvu pravosu\u0111a pod registarskim brojem 514444444.<\/strong><\/p>\n<p><strong>U Pravnoj klinici &#8220;OSIJEK <em>PRO BONO<\/em>&#8221; pravnu pomo\u0107 pru\u017eaju studenti organizirani u radne grupe \u010diji je rad pod nadzorom studentskih mentora te akademskih i profesionalnih supervizora.<\/strong><\/p>\n<p><strong>Po\u010detkom akademske godine 2021\/2022. projekt Pravne klinike &#8220;OSIJEK <em>PRO BONO<\/em>&#8221; u\u0161ao je u sedmu godinu provedbe te u tom smislu, imaju\u0107i na umu kontinuitet u radu, dobar glas koji nas prati, postoje\u0107u zainteresiranost studenata za rad u Klinici te sve dosada\u0161nje uspjehe mo\u017eemo govoriti o punoj institucionaliziciji Klinike u sustav Pravnog fakulteta. <br \/><\/strong><\/p>\n<p><strong>Uvijek nastojimo u radu biti kreativni i prilago\u0111avati na\u010din svoga djelovanja dru\u0161tvenim promjenama i novim svjetskim trendovima u sferi pru\u017eanja pravne pomo\u0107i.\u00a0<\/strong><\/p>\n<p><strong>Sve informacije o aktivnostima\u00a0Pravne klinike &#8220;OSIJEK <em>PRO BONO<\/em>&#8221; mo\u017eete prona\u0107i na ovoj web stranici.<\/strong><\/p>\n<p><strong>Izv. prof. dr. sc. Zvonimir Jelini\u0107<\/strong><\/p>\n\n\n<p><\/p>\n","protected":false},"excerpt":{"rendered":"<p>\u00a0 Dragi studenti, pro\u0161li i budu\u0107i korisnici pravne pomo\u0107i koju pru\u017ea &#8220;OSIJEK PRO BONO&#8220;, jednako kao \u0161to lije\u010dnici pru\u017eaju hitnu pomo\u0107 svakoj osobi, bez obzira ima li ta osoba ili nema zdravstveno osiguranje, u Pravnoj klinici Pravnog fakulteta u Osijeku &#8220;OSIJEK PRO BONO&#8221; smatramo da svatko, a osobito osobe lo\u0161eg imovnog stanja trebaju imati pravo [&hellip;]<\/p>\n","protected":false},"author":5,"featured_media":0,"parent":0,"menu_order":0,"comment_status":"closed","ping_status":"closed","template":"","meta":[],"_links":{"self":[{"href":"https:\/\/klinika.pravos.unios.hr\/index.php?rest_route=\/wp\/v2\/pages\/161"}],"collection":[{"href":"https:\/\/klinika.pravos.unios.hr\/index.php?rest_route=\/wp\/v2\/pages"}],"about":[{"href":"https:\/\/klinika.pravos.unios.hr\/index.php?rest_route=\/wp\/v2\/types\/page"}],"author":[{"embeddable":true,"href":"https:\/\/klinika.pravos.unios.hr\/index.php?rest_route=\/wp\/v2\/users\/5"}],"replies":[{"embeddable":true,"href":"https:\/\/klinika.pravos.unios.hr\/index.php?rest_route=%2Fwp%2Fv2%2Fcomments&post=161"}],"version-history":[{"count":19,"href":"https:\/\/klinika.pravos.unios.hr\/index.php?rest_route=\/wp\/v2\/pages\/161\/revisions"}],"predecessor-version":[{"id":1390,"href":"https:\/\/klinika.pravos.unios.hr\/index.php?rest_route=\/wp\/v2\/pages\/161\/revisions\/1390"}],"wp:attachment":[{"href":"https:\/\/klinika.pravos.unios.hr\/index.php?rest_route=%2Fwp%2Fv2%2Fmedia&parent=161"}],"curies":[{"name":"wp","href":"https:\/\/api.w.org\/{rel}","templated":true}]}}